{"id":4133,"date":"2019-01-17T11:58:46","date_gmt":"2019-01-17T10:58:46","guid":{"rendered":"https:\/\/leuveninsideout.com\/team-building\/"},"modified":"2022-06-30T09:55:13","modified_gmt":"2022-06-30T07:55:13","slug":"team-building","status":"publish","type":"page","link":"https:\/\/leuveninsideout.com\/en\/team-building\/","title":{"rendered":"Team building"},"content":{"rendered":"<div class=\"wpb-content-wrapper\">[vc_row][vc_column width=&#8221;3\/4&#8243; css=&#8221;.vc_custom_1595242662437{padding-bottom: 40px !important;}&#8221;][vc_column_text]\n<h2>Get to know your colleagues<\/h2>\n<p>Teambuildings are the perfect opportunity to get to know your colleagues in a different way. They certainly benefit the group atmosphere and productivity of any company. In addition, team building activities are 100% tax deductible!<\/p>\n<h3><strong>Combo deals<\/strong><\/h3>\n<p>Do you want a varied offer but are you in doubt between fun or culture? At LeuvenInsideOut you don&#8217;t have to choose! Take advantage of our combo deals and combine a guided tour with an activity at one of our partners. Together with <a href=\"http:\/\/www.arcave.be\">Arcave<\/a> Virtual Reality, <a href=\"https:\/\/www.laser3000.be\/\">Laser3000<\/a> and <a href=\"https:\/\/www.escaperoom.be\/\">Exit Room<\/a>, LeuvenInsideOut helps you to organize a teambuilding quickly, efficiently and budget-friendly. For example, you can offer your group an experience in Leuven, a laser shoot and a dinner for a budget of about 50 euros per person.<\/p>\n<h3><strong>Customization<\/strong><\/h3>\n<p>Do you want a team building with just that little bit more? A room for a presentation? An interesting speaker? A yoga workshop? Extra snacks and drinks or cooking yourself with chocolate, beer or pasta? LeuvenInsideOut is the ideal point of contact!<\/p>\n<p><a href=\"https:\/\/leuveninsideout.com\/contact\/\">Contact us<\/a> without obligation for a quote or more information.[\/vc_column_text]<a href=\"https:\/\/leuveninsideout.com\/en\/contact-us\/\" class=\"atbtn\">Don&#039;t hesitate to contact us<\/a>[\/vc_column][vc_column width=&#8221;1\/4&#8243;][\/vc_column][\/vc_row][vc_row][vc_column][vc_separator][vc_column_text css=&#8221;.vc_custom_1595243350776{margin-top: 50px !important;}&#8221;]\n<h3>Testimonials<\/h3>\n<h4>Testimony of a successful team building:<\/h4>\n<blockquote><p>Encore <b>merci<\/b> pour cette journ\u00e9e et pour tes conseils dans l&#8217;organization de notre teambuilding !<\/p>\n<p>La visite de Louvain \u00e9tait vraiment extra ! Mes coll\u00e8gues et moi-m\u00eame en gardons an excellent souvenir. La visite \u00e9tait fun et didactique et nous n&#8217;avons pas vu le temps passer ! Je recommande Leuven inside out autour de moi.<\/p>\n<p><em>Bat, Julien Desiderio<\/em><\/p><\/blockquote>\n<h4>Testimonial of a successful combo deal between LeuvenInsideOut &#8211; Balls&amp;Glory and Arcave VR<\/h4>\n<div>\n<blockquote><p>I thought it was a very nice afternoon and evening, with an ideal combination of learning new things (even though we thought we knew Leuven J), group-strengthening activities, culinary delicacies and introduction to a virtual world. Thank you so much for organizing this for us! The organization also went very smoothly, which was very nice with an already too busy agenda! We hope to be able to call on your services in the future.<\/p>\n<p><em>Msg, Karen<\/em><\/p><\/blockquote>\n<\/div>\n[\/vc_column_text][\/vc_column][\/vc_row]\n<\/p><\/div>","protected":false},"excerpt":{"rendered":"<p>[vc_row][vc_column width=&#8221;3\/4&#8243; css=&#8221;.vc_custom_1595242662437{padding-bottom: 40px !important;}&#8221;][vc_column_text] Get to know your colleagues Teambuildings are the perfect opportunity to get to know your colleagues in a different way. They certainly benefit the group atmosphere and productivity of any company. In addition, team building activities are 100% tax deductible! Combo deals Do you want a varied offer but are<\/p>\n<div class=\"padding-top text-center\"><a href=\"https:\/\/leuveninsideout.com\/en\/team-building\/\" class=\"atbtn atbtn--medium atbtn--rounded atbtn--transparent\">Lees meer<i class=\"atbtn__icon atbtn__icon--right fa fa-long-arrow-right\"><\/i><\/a><\/div>\n","protected":false},"author":1,"featured_media":0,"parent":0,"menu_order":75,"comment_status":"closed","ping_status":"closed","template":"","meta":{"footnotes":""},"class_list":["post-4133","page","type-page","status-publish","hentry"],"yoast_head":"<!-- This site is optimized with the Yoast SEO plugin v27.4 - https:\/\/yoast.com\/product\/yoast-seo-wordpress\/ -->\n<title>Team building &#8226; Leuven Inside Out<\/title>\n<meta name=\"description\" content=\"{:nl}Do you want a teambuilding activity in Leuven with just that little bit more? Extra snacks and drinks or cooking yourself with chocolate, beer or pasta? A room for a presentation? An interesting speaker? A yoga workshop? LeuvenInsideOut is the ideal contact!{:}\" \/>\n<meta name=\"robots\" content=\"index, follow, max-snippet:-1, max-image-preview:large, max-video-preview:-1\" \/>\n<link rel=\"canonical\" href=\"https:\/\/leuveninsideout.com\/en\/team-building\/\" \/>\n<meta property=\"og:locale\" content=\"en_US\" \/>\n<meta property=\"og:type\" content=\"article\" \/>\n<meta property=\"og:title\" content=\"Team building &#8226; Leuven Inside Out\" \/>\n<meta property=\"og:description\" content=\"{:nl}Do you want a teambuilding activity in Leuven with just that little bit more? Extra snacks and drinks or cooking yourself with chocolate, beer or pasta? A room for a presentation? An interesting speaker? A yoga workshop? LeuvenInsideOut is the ideal contact!{:}\" \/>\n<meta property=\"og:url\" content=\"https:\/\/leuveninsideout.com\/en\/team-building\/\" \/>\n<meta property=\"og:site_name\" content=\"Leuven Inside Out\" \/>\n<meta property=\"article:modified_time\" content=\"2022-06-30T07:55:13+00:00\" \/>\n<meta name=\"twitter:card\" content=\"summary_large_image\" \/>\n<meta name=\"twitter:label1\" content=\"Est. reading time\" \/>\n\t<meta name=\"twitter:data1\" content=\"2 minutes\" \/>\n<script type=\"application\/ld+json\" class=\"yoast-schema-graph\">{\"@context\":\"https:\\\/\\\/schema.org\",\"@graph\":[{\"@type\":\"WebPage\",\"@id\":\"https:\\\/\\\/leuveninsideout.com\\\/en\\\/team-building\\\/\",\"url\":\"https:\\\/\\\/leuveninsideout.com\\\/en\\\/team-building\\\/\",\"name\":\"Team building &#8226; Leuven Inside Out\",\"isPartOf\":{\"@id\":\"https:\\\/\\\/leuveninsideout.com\\\/en\\\/#website\"},\"datePublished\":\"2019-01-17T10:58:46+00:00\",\"dateModified\":\"2022-06-30T07:55:13+00:00\",\"description\":\"{:nl}Do you want a teambuilding activity in Leuven with just that little bit more? Extra snacks and drinks or cooking yourself with chocolate, beer or pasta? A room for a presentation? An interesting speaker? A yoga workshop? LeuvenInsideOut is the ideal contact!{:}\",\"breadcrumb\":{\"@id\":\"https:\\\/\\\/leuveninsideout.com\\\/en\\\/team-building\\\/#breadcrumb\"},\"inLanguage\":\"en-US\",\"potentialAction\":[{\"@type\":\"ReadAction\",\"target\":[\"https:\\\/\\\/leuveninsideout.com\\\/en\\\/team-building\\\/\"]}]},{\"@type\":\"BreadcrumbList\",\"@id\":\"https:\\\/\\\/leuveninsideout.com\\\/en\\\/team-building\\\/#breadcrumb\",\"itemListElement\":[{\"@type\":\"ListItem\",\"position\":1,\"name\":\"Home\",\"item\":\"https:\\\/\\\/leuveninsideout.com\\\/en\\\/home\\\/\"},{\"@type\":\"ListItem\",\"position\":2,\"name\":\"Team building\"}]},{\"@type\":\"WebSite\",\"@id\":\"https:\\\/\\\/leuveninsideout.com\\\/en\\\/#website\",\"url\":\"https:\\\/\\\/leuveninsideout.com\\\/en\\\/\",\"name\":\"Leuven Inside Out\",\"description\":\"Begeleide wandelingen door Leuven\",\"publisher\":{\"@id\":\"https:\\\/\\\/leuveninsideout.com\\\/en\\\/#organization\"},\"potentialAction\":[{\"@type\":\"SearchAction\",\"target\":{\"@type\":\"EntryPoint\",\"urlTemplate\":\"https:\\\/\\\/leuveninsideout.com\\\/en\\\/?s={search_term_string}\"},\"query-input\":{\"@type\":\"PropertyValueSpecification\",\"valueRequired\":true,\"valueName\":\"search_term_string\"}}],\"inLanguage\":\"en-US\"},{\"@type\":\"Organization\",\"@id\":\"https:\\\/\\\/leuveninsideout.com\\\/en\\\/#organization\",\"name\":\"LeuvenInsideOut\",\"url\":\"https:\\\/\\\/leuveninsideout.com\\\/en\\\/\",\"logo\":{\"@type\":\"ImageObject\",\"inLanguage\":\"en-US\",\"@id\":\"https:\\\/\\\/leuveninsideout.com\\\/en\\\/#\\\/schema\\\/logo\\\/image\\\/\",\"url\":\"https:\\\/\\\/leuveninsideout.com\\\/wp-content\\\/uploads\\\/2017\\\/09\\\/logo-horiz-1.png\",\"contentUrl\":\"https:\\\/\\\/leuveninsideout.com\\\/wp-content\\\/uploads\\\/2017\\\/09\\\/logo-horiz-1.png\",\"width\":360,\"height\":95,\"caption\":\"LeuvenInsideOut\"},\"image\":{\"@id\":\"https:\\\/\\\/leuveninsideout.com\\\/en\\\/#\\\/schema\\\/logo\\\/image\\\/\"}}]}<\/script>\n<!-- \/ Yoast SEO plugin. -->","yoast_head_json":{"title":"Team building &#8226; Leuven Inside Out","description":"{:nl}Do you want a teambuilding activity in Leuven with just that little bit more? Extra snacks and drinks or cooking yourself with chocolate, beer or pasta? A room for a presentation? An interesting speaker? A yoga workshop? LeuvenInsideOut is the ideal contact!{:}","robots":{"index":"index","follow":"follow","max-snippet":"max-snippet:-1","max-image-preview":"max-image-preview:large","max-video-preview":"max-video-preview:-1"},"canonical":"https:\/\/leuveninsideout.com\/en\/team-building\/","og_locale":"en_US","og_type":"article","og_title":"Team building &#8226; Leuven Inside Out","og_description":"{:nl}Do you want a teambuilding activity in Leuven with just that little bit more? Extra snacks and drinks or cooking yourself with chocolate, beer or pasta? A room for a presentation? An interesting speaker? A yoga workshop? LeuvenInsideOut is the ideal contact!{:}","og_url":"https:\/\/leuveninsideout.com\/en\/team-building\/","og_site_name":"Leuven Inside Out","article_modified_time":"2022-06-30T07:55:13+00:00","twitter_card":"summary_large_image","twitter_misc":{"Est. reading time":"2 minutes"},"schema":{"@context":"https:\/\/schema.org","@graph":[{"@type":"WebPage","@id":"https:\/\/leuveninsideout.com\/en\/team-building\/","url":"https:\/\/leuveninsideout.com\/en\/team-building\/","name":"Team building &#8226; Leuven Inside Out","isPartOf":{"@id":"https:\/\/leuveninsideout.com\/en\/#website"},"datePublished":"2019-01-17T10:58:46+00:00","dateModified":"2022-06-30T07:55:13+00:00","description":"{:nl}Do you want a teambuilding activity in Leuven with just that little bit more? Extra snacks and drinks or cooking yourself with chocolate, beer or pasta? A room for a presentation? An interesting speaker? A yoga workshop? LeuvenInsideOut is the ideal contact!{:}","breadcrumb":{"@id":"https:\/\/leuveninsideout.com\/en\/team-building\/#breadcrumb"},"inLanguage":"en-US","potentialAction":[{"@type":"ReadAction","target":["https:\/\/leuveninsideout.com\/en\/team-building\/"]}]},{"@type":"BreadcrumbList","@id":"https:\/\/leuveninsideout.com\/en\/team-building\/#breadcrumb","itemListElement":[{"@type":"ListItem","position":1,"name":"Home","item":"https:\/\/leuveninsideout.com\/en\/home\/"},{"@type":"ListItem","position":2,"name":"Team building"}]},{"@type":"WebSite","@id":"https:\/\/leuveninsideout.com\/en\/#website","url":"https:\/\/leuveninsideout.com\/en\/","name":"Leuven Inside Out","description":"Begeleide wandelingen door Leuven","publisher":{"@id":"https:\/\/leuveninsideout.com\/en\/#organization"},"potentialAction":[{"@type":"SearchAction","target":{"@type":"EntryPoint","urlTemplate":"https:\/\/leuveninsideout.com\/en\/?s={search_term_string}"},"query-input":{"@type":"PropertyValueSpecification","valueRequired":true,"valueName":"search_term_string"}}],"inLanguage":"en-US"},{"@type":"Organization","@id":"https:\/\/leuveninsideout.com\/en\/#organization","name":"LeuvenInsideOut","url":"https:\/\/leuveninsideout.com\/en\/","logo":{"@type":"ImageObject","inLanguage":"en-US","@id":"https:\/\/leuveninsideout.com\/en\/#\/schema\/logo\/image\/","url":"https:\/\/leuveninsideout.com\/wp-content\/uploads\/2017\/09\/logo-horiz-1.png","contentUrl":"https:\/\/leuveninsideout.com\/wp-content\/uploads\/2017\/09\/logo-horiz-1.png","width":360,"height":95,"caption":"LeuvenInsideOut"},"image":{"@id":"https:\/\/leuveninsideout.com\/en\/#\/schema\/logo\/image\/"}}]}},"_links":{"self":[{"href":"https:\/\/leuveninsideout.com\/en\/wp-json\/wp\/v2\/pages\/4133","targetHints":{"allow":["GET"]}}],"collection":[{"href":"https:\/\/leuveninsideout.com\/en\/wp-json\/wp\/v2\/pages"}],"about":[{"href":"https:\/\/leuveninsideout.com\/en\/wp-json\/wp\/v2\/types\/page"}],"author":[{"embeddable":true,"href":"https:\/\/leuveninsideout.com\/en\/wp-json\/wp\/v2\/users\/1"}],"replies":[{"embeddable":true,"href":"https:\/\/leuveninsideout.com\/en\/wp-json\/wp\/v2\/comments?post=4133"}],"version-history":[{"count":11,"href":"https:\/\/leuveninsideout.com\/en\/wp-json\/wp\/v2\/pages\/4133\/revisions"}],"predecessor-version":[{"id":4465,"href":"https:\/\/leuveninsideout.com\/en\/wp-json\/wp\/v2\/pages\/4133\/revisions\/4465"}],"wp:attachment":[{"href":"https:\/\/leuveninsideout.com\/en\/wp-json\/wp\/v2\/media?parent=4133"}],"curies":[{"name":"wp","href":"https:\/\/api.w.org\/{rel}","templated":true}]}}